{"id":1501,"date":"2017-05-26T13:18:43","date_gmt":"2017-05-26T11:18:43","guid":{"rendered":"http:\/\/voorbeeldsite-wp.scouting.nl\/?page_id=1501"},"modified":"2026-04-07T18:26:01","modified_gmt":"2026-04-07T18:26:01","slug":"zeeverkenners","status":"publish","type":"page","link":"https:\/\/tasmaniagroep.nl\/?page_id=1501","title":{"rendered":"Zeeverkenners"},"content":{"rendered":"<div class=\"gb-standard container no-padding\">\n<p>Jongens en Meiden tussen 12 en 16 jaar&nbsp;worden&nbsp;bij de zeeverkenners elke zaterdag uitgedaagd op en rond het water! Tijdens de opkomsten wordt veel besteed aan de praktijk en de theorie van zeilen. Je leert hoe je op een verantwoorde manier met een boot om gaat en hoe je je op het water gedraagt. Bij de Zeeverkenners kan je verschillende offici\u00eble diploma&#8217;s halen voor roeien en zeilen.&nbsp;<\/p>\n<\/div>\n\n<div class=\"gb-standard container no-padding\">\n<p>De Zeeverkenners worden ingedeeld in &#8216;bakken&#8217;, elke bak heeft zijn eigen vlet waar zij verantwoordelijk voor zijn. In een bak is de bootsman\/vrouw samen met de kwartiermeester verantwoordelijk over de rest. Als oudere Zeeverkenner krijg je dus de kans om leiding te geven aan je eigen boot. Wat een gave uitdaging!&nbsp;<\/p>\n<\/div>\n\n<div class=\"gb-standard container no-padding\">\n<p>Ook gaan we elk jaar op zomerkamp met ons wachtschip de Rambonnet, \u00e9\u00e9n van de hoogtepunten in het jaar. We varen dan af richting \u00e9\u00e9n van de vele meren in Nederland en overnachten dan ook het hele kamp aan boord van ons wachtschip.&nbsp;<\/p>\n<\/div>\n\n<div class=\"gb-standard container no-padding\">\n<p>Scouting Nederland noemt de speltak met kinderen van 12 tot 16 jaar Scouts. Omdat wij een watergroep zijn hebben wij ervoor gekozen onze speltak Zeeverkenners te (blijven) noemen.&nbsp;<\/p>\n<\/div>\n\n<div class=\"gb-standard container no-padding\">\n<div class=\"wp-block-group\"><div class=\"wp-block-group__inner-container is-layout-constrained wp-block-group-is-layout-constrained\"><div class=\"gb-standard container no-padding\">\n<div class=\"wp-block-nextend-smartslider3\">[smartslider3 slider=&#8221;2&#8243;]<\/div>\n<\/div><\/div>\n<\/div><\/div>\n\n<div class=\"gb-standard container no-padding\">\n<p><strong>Het zomerseizoen<\/strong>&nbsp;<\/p>\n<\/div>\n\n<div class=\"gb-standard container no-padding\">\n<p>Het zomerseizoen begint zodra de lelievletten in het water liggen en eindigt als zij er uitgehaald worden. Over het algemeen duurt het zomerseizoen van mei tot oktober. In dit seizoen is veel aandacht voor het praktische deel van de zeilvaardigheden. Worden de roei- en wriktechnieken geoefend en houden ze wedstrijden met andere watergroepen.&nbsp;<\/p>\n<\/div>\n\n<div class=\"gb-standard container no-padding\">\n<p><strong>Het winterseizoen<\/strong>&nbsp;<\/p>\n<\/div>\n\n<div class=\"gb-standard container no-padding\">\n<p>Van november tot april liggen de boten op de kant voor onderhoud. Elke bak onderhoud zijn eigen vlet. Schuren, verven en lakken. Tussen spelen de Zeeverkenners vele spelletjes en houden zij zich bezig met scoutingdingen als routetechnieken, wandeltochten en&nbsp;pioneren. Ook wordt de theorie van het zeilen besproken.&nbsp;<\/p>\n<\/div>\n\n<div class=\"gb-standard container no-padding\">\n<p><strong>Speciale opkomsten<\/strong>&nbsp;<\/p>\n<\/div>\n\n<div class=\"gb-standard container no-padding\">\n<p>Naast de super leuke &#8216;gewone&#8217; opkomsten, vinden er ook bijzondere opkomsten plaats. Bijvoorbeeld wedstrijden zoals de 12-uursrace, de&nbsp;eilandencup&nbsp;of de roei-, zeil- en wrikwedstrijden (RZW). Denk ook aan opkomsten met andere groepen of juist met alle speltakken van Tasmania of opkomsten waarbij de Zeeverkenners zich inzetten voor de maatschappij door bijvoorbeeld natuurgebieden van afval te ontdoen. Verder hebben de Zeeverkenners meerdere keren per jaar een weekendkamp en natuurlijk 1 keer per jaar het zomerkamp. Die vindt altijd plaats in de eerste 2 weken van de zomervakantie.&nbsp;<\/p>\n<\/div>\n\n<div class=\"gb-standard container no-padding\">\n<p><strong>Tijden<\/strong>&nbsp;<br>De Zeeverkenners beginnen elke zaterdag om 11 uur. In de zomer duurt hun opkomst tot 16 uur. In de winter eindigt de opkomst om 15 uur.&nbsp;&nbsp;<\/p>\n<\/div>\n\n<div class=\"gb-standard container no-padding\">\n<p>Wordt lid!&nbsp;<\/p>\n<\/div>\n\n<div class=\"gb-standard container no-padding\">\n<p><strong>Wil jij ook ervaren hoe het is bij de verkenners!?<\/strong>&nbsp;<\/p>\n<\/div>\n\n<div class=\"gb-standard container no-padding\">\n<p>Kom dan&nbsp;langs&nbsp;en doe mee! Iedereen mag vier keer gratis komen kijken.&nbsp;<br>Maak voor de zekerheid een afspraak via <a href=\"mailto:verkennersleiding@tasmaniagroep.nl\">verkennersleiding@tasmaniagroep.nl<\/a>&nbsp;&nbsp;dan weet je zeker dat je ons niet misloopt!&nbsp;<\/p>\n<\/div>\n\n<div class=\"gb-standard container no-padding\">\n<p><\/p>\n<\/div>","protected":false},"excerpt":{"rendered":"<p>Jongens en Meiden tussen 12 en 16 jaar&nbsp;worden&nbsp;bij de zeeverkenners elke zaterdag uitgedaagd op en rond het water! Tijdens de opkomsten wordt veel besteed aan de praktijk en de theorie van zeilen. Je leert hoe je op een verantwoorde manier  &#8230; <\/p>\n","protected":false},"author":1,"featured_media":0,"parent":1495,"menu_order":0,"comment_status":"closed","ping_status":"closed","template":"","meta":{"footnotes":""},"class_list":["post-1501","page","type-page","status-publish","hentry"],"yoast_head":"<!-- This site is optimized with the Yoast SEO plugin v27.3 - https:\/\/yoast.com\/product\/yoast-seo-wordpress\/ -->\n<title>Zeeverkenners - Tasmaniagroep 24<\/title>\n<meta name=\"robots\" content=\"index, follow, max-snippet:-1, max-image-preview:large, max-video-preview:-1\" \/>\n<link rel=\"canonical\" href=\"https:\/\/tasmaniagroep.nl\/?page_id=1501\" \/>\n<meta property=\"og:locale\" content=\"nl_NL\" \/>\n<meta property=\"og:type\" content=\"article\" \/>\n<meta property=\"og:title\" content=\"Zeeverkenners - Tasmaniagroep 24\" \/>\n<meta property=\"og:description\" content=\"Jongens en Meiden tussen 12 en 16 jaar&nbsp;worden&nbsp;bij de zeeverkenners elke zaterdag uitgedaagd op en rond het water! Tijdens de opkomsten wordt veel besteed aan de praktijk en de theorie van zeilen. Je leert hoe je op een verantwoorde manier ...\" \/>\n<meta property=\"og:url\" content=\"https:\/\/tasmaniagroep.nl\/?page_id=1501\" \/>\n<meta property=\"og:site_name\" content=\"Tasmaniagroep 24\" \/>\n<meta property=\"article:modified_time\" content=\"2026-04-07T18:26:01+00:00\" \/>\n<meta name=\"twitter:card\" content=\"summary_large_image\" \/>\n<meta name=\"twitter:label1\" content=\"Geschatte leestijd\" \/>\n\t<meta name=\"twitter:data1\" content=\"3 minuten\" \/>\n<script type=\"application\/ld+json\" class=\"yoast-schema-graph\">{\"@context\":\"https:\\\/\\\/schema.org\",\"@graph\":[{\"@type\":\"WebPage\",\"@id\":\"https:\\\/\\\/tasmaniagroep.nl\\\/?page_id=1501\",\"url\":\"https:\\\/\\\/tasmaniagroep.nl\\\/?page_id=1501\",\"name\":\"Zeeverkenners - Tasmaniagroep 24\",\"isPartOf\":{\"@id\":\"https:\\\/\\\/tasmaniagroep.nl\\\/#website\"},\"datePublished\":\"2017-05-26T11:18:43+00:00\",\"dateModified\":\"2026-04-07T18:26:01+00:00\",\"breadcrumb\":{\"@id\":\"https:\\\/\\\/tasmaniagroep.nl\\\/?page_id=1501#breadcrumb\"},\"inLanguage\":\"nl-NL\",\"potentialAction\":[{\"@type\":\"ReadAction\",\"target\":[\"https:\\\/\\\/tasmaniagroep.nl\\\/?page_id=1501\"]}]},{\"@type\":\"BreadcrumbList\",\"@id\":\"https:\\\/\\\/tasmaniagroep.nl\\\/?page_id=1501#breadcrumb\",\"itemListElement\":[{\"@type\":\"ListItem\",\"position\":1,\"name\":\"Home\",\"item\":\"https:\\\/\\\/tasmaniagroep.nl\\\/\"},{\"@type\":\"ListItem\",\"position\":2,\"name\":\"Speltakken\",\"item\":\"https:\\\/\\\/tasmaniagroep.nl\\\/?page_id=1495\"},{\"@type\":\"ListItem\",\"position\":3,\"name\":\"Zeeverkenners\"}]},{\"@type\":\"WebSite\",\"@id\":\"https:\\\/\\\/tasmaniagroep.nl\\\/#website\",\"url\":\"https:\\\/\\\/tasmaniagroep.nl\\\/\",\"name\":\"Tasmaniagroep 24\",\"description\":\"Ontdek Scouting Tasmania!\",\"publisher\":{\"@id\":\"https:\\\/\\\/tasmaniagroep.nl\\\/#organization\"},\"potentialAction\":[{\"@type\":\"SearchAction\",\"target\":{\"@type\":\"EntryPoint\",\"urlTemplate\":\"https:\\\/\\\/tasmaniagroep.nl\\\/?s={search_term_string}\"},\"query-input\":{\"@type\":\"PropertyValueSpecification\",\"valueRequired\":true,\"valueName\":\"search_term_string\"}}],\"inLanguage\":\"nl-NL\"},{\"@type\":\"Organization\",\"@id\":\"https:\\\/\\\/tasmaniagroep.nl\\\/#organization\",\"name\":\"Tasmaniagroep 24\",\"url\":\"https:\\\/\\\/tasmaniagroep.nl\\\/\",\"logo\":{\"@type\":\"ImageObject\",\"inLanguage\":\"nl-NL\",\"@id\":\"https:\\\/\\\/tasmaniagroep.nl\\\/#\\\/schema\\\/logo\\\/image\\\/\",\"url\":\"https:\\\/\\\/tasmaniagroep.nl\\\/wp-content\\\/uploads\\\/2021\\\/10\\\/Logotasmaniagroep.png\",\"contentUrl\":\"https:\\\/\\\/tasmaniagroep.nl\\\/wp-content\\\/uploads\\\/2021\\\/10\\\/Logotasmaniagroep.png\",\"width\":102,\"height\":99,\"caption\":\"Tasmaniagroep 24\"},\"image\":{\"@id\":\"https:\\\/\\\/tasmaniagroep.nl\\\/#\\\/schema\\\/logo\\\/image\\\/\"}}]}<\/script>\n<!-- \/ Yoast SEO plugin. -->","yoast_head_json":{"title":"Zeeverkenners - Tasmaniagroep 24","robots":{"index":"index","follow":"follow","max-snippet":"max-snippet:-1","max-image-preview":"max-image-preview:large","max-video-preview":"max-video-preview:-1"},"canonical":"https:\/\/tasmaniagroep.nl\/?page_id=1501","og_locale":"nl_NL","og_type":"article","og_title":"Zeeverkenners - Tasmaniagroep 24","og_description":"Jongens en Meiden tussen 12 en 16 jaar&nbsp;worden&nbsp;bij de zeeverkenners elke zaterdag uitgedaagd op en rond het water! Tijdens de opkomsten wordt veel besteed aan de praktijk en de theorie van zeilen. Je leert hoe je op een verantwoorde manier ...","og_url":"https:\/\/tasmaniagroep.nl\/?page_id=1501","og_site_name":"Tasmaniagroep 24","article_modified_time":"2026-04-07T18:26:01+00:00","twitter_card":"summary_large_image","twitter_misc":{"Geschatte leestijd":"3 minuten"},"schema":{"@context":"https:\/\/schema.org","@graph":[{"@type":"WebPage","@id":"https:\/\/tasmaniagroep.nl\/?page_id=1501","url":"https:\/\/tasmaniagroep.nl\/?page_id=1501","name":"Zeeverkenners - Tasmaniagroep 24","isPartOf":{"@id":"https:\/\/tasmaniagroep.nl\/#website"},"datePublished":"2017-05-26T11:18:43+00:00","dateModified":"2026-04-07T18:26:01+00:00","breadcrumb":{"@id":"https:\/\/tasmaniagroep.nl\/?page_id=1501#breadcrumb"},"inLanguage":"nl-NL","potentialAction":[{"@type":"ReadAction","target":["https:\/\/tasmaniagroep.nl\/?page_id=1501"]}]},{"@type":"BreadcrumbList","@id":"https:\/\/tasmaniagroep.nl\/?page_id=1501#breadcrumb","itemListElement":[{"@type":"ListItem","position":1,"name":"Home","item":"https:\/\/tasmaniagroep.nl\/"},{"@type":"ListItem","position":2,"name":"Speltakken","item":"https:\/\/tasmaniagroep.nl\/?page_id=1495"},{"@type":"ListItem","position":3,"name":"Zeeverkenners"}]},{"@type":"WebSite","@id":"https:\/\/tasmaniagroep.nl\/#website","url":"https:\/\/tasmaniagroep.nl\/","name":"Tasmaniagroep 24","description":"Ontdek Scouting Tasmania!","publisher":{"@id":"https:\/\/tasmaniagroep.nl\/#organization"},"potentialAction":[{"@type":"SearchAction","target":{"@type":"EntryPoint","urlTemplate":"https:\/\/tasmaniagroep.nl\/?s={search_term_string}"},"query-input":{"@type":"PropertyValueSpecification","valueRequired":true,"valueName":"search_term_string"}}],"inLanguage":"nl-NL"},{"@type":"Organization","@id":"https:\/\/tasmaniagroep.nl\/#organization","name":"Tasmaniagroep 24","url":"https:\/\/tasmaniagroep.nl\/","logo":{"@type":"ImageObject","inLanguage":"nl-NL","@id":"https:\/\/tasmaniagroep.nl\/#\/schema\/logo\/image\/","url":"https:\/\/tasmaniagroep.nl\/wp-content\/uploads\/2021\/10\/Logotasmaniagroep.png","contentUrl":"https:\/\/tasmaniagroep.nl\/wp-content\/uploads\/2021\/10\/Logotasmaniagroep.png","width":102,"height":99,"caption":"Tasmaniagroep 24"},"image":{"@id":"https:\/\/tasmaniagroep.nl\/#\/schema\/logo\/image\/"}}]}},"_links":{"self":[{"href":"https:\/\/tasmaniagroep.nl\/index.php?rest_route=\/wp\/v2\/pages\/1501","targetHints":{"allow":["GET"]}}],"collection":[{"href":"https:\/\/tasmaniagroep.nl\/index.php?rest_route=\/wp\/v2\/pages"}],"about":[{"href":"https:\/\/tasmaniagroep.nl\/index.php?rest_route=\/wp\/v2\/types\/page"}],"author":[{"embeddable":true,"href":"https:\/\/tasmaniagroep.nl\/index.php?rest_route=\/wp\/v2\/users\/1"}],"replies":[{"embeddable":true,"href":"https:\/\/tasmaniagroep.nl\/index.php?rest_route=%2Fwp%2Fv2%2Fcomments&post=1501"}],"version-history":[{"count":12,"href":"https:\/\/tasmaniagroep.nl\/index.php?rest_route=\/wp\/v2\/pages\/1501\/revisions"}],"predecessor-version":[{"id":1844,"href":"https:\/\/tasmaniagroep.nl\/index.php?rest_route=\/wp\/v2\/pages\/1501\/revisions\/1844"}],"up":[{"embeddable":true,"href":"https:\/\/tasmaniagroep.nl\/index.php?rest_route=\/wp\/v2\/pages\/1495"}],"wp:attachment":[{"href":"https:\/\/tasmaniagroep.nl\/index.php?rest_route=%2Fwp%2Fv2%2Fmedia&parent=1501"}],"curies":[{"name":"wp","href":"https:\/\/api.w.org\/{rel}","templated":true}]}}