{"id":1485,"date":"2017-05-26T13:16:51","date_gmt":"2017-05-26T11:16:51","guid":{"rendered":"http:\/\/voorbeeldsite-wp.scouting.nl\/?page_id=1485"},"modified":"2025-04-06T16:18:43","modified_gmt":"2025-04-06T16:18:43","slug":"algemeen-2","status":"publish","type":"page","link":"https:\/\/tasmaniagroep.nl\/?page_id=1485","title":{"rendered":"Algemeen"},"content":{"rendered":"<div class=\"gb-standard container no-padding\">\n<p>Tasmaniagroep Nissewaard&nbsp;<\/p>\n<\/div>\n\n<div class=\"gb-standard container no-padding\">\n<p>Houd je van avontuurlijke activiteiten op en rond het water? Dan moet je bij de Tasmaniagroep zijn, de waterscouting groep van Nissewaard!&nbsp;Alle activiteiten, van een zomerkamp met ons wachtschip, de Rambonnet, tot een&nbsp;hike&nbsp;&#8217;s winters in de bossen, bij de Tasmaniagroep doen we het allemaal!&nbsp;<\/p>\n<\/div>\n\n<div class=\"gb-standard container no-padding\">\n<p>Wij zijn een waterscoutinggroep voor jongens en meisjes vanaf 7 jaar, gelegen aan het&nbsp;Brielse&nbsp;meer. Waar wij beschikken over een eigen clubhuis, een wachtschip, een grote vloot en genoeg natuur om leuke en leerzame spelletjes te spelen.&nbsp;Op onze prachtige locatie leren&nbsp;kinderen echte scoutingdingen als knopen leggen en&nbsp;kampvuur maken om op te koken.&nbsp;&nbsp;Natuurlijk leer je bij ons ook belangrijke zeilvaardigheden, roeien en wrikken. Maar het belangrijkste wat je bij ons leert is samen werken,&nbsp;vriendschappen opbouwen en plezier hebben.&nbsp;<\/p>\n<\/div>\n\n<div class=\"gb-standard container no-padding\">\n<p>Ben je ge\u00efnteresseerd in waterscouting? klik dan op \u00e9\u00e9n van de leeftijdscategorie\u00ebn hieronder en kom een keer kijken in ons clubhuis of op ons eigen wachtschip.&nbsp;<br><\/p>\n<\/div>\n\n<div class=\"gb-standard container no-padding\">\n<p> <a href=\"https:\/\/tasmaniagroep.nl\/?page_id=1499\"><img loading=\"lazy\" decoding=\"async\" width=\"150\" height=\"150\" class=\"wp-image-1624\" style=\"width: 150px;\" src=\"https:\/\/tasmaniagroep.nl\/wp-content\/uploads\/2021\/10\/welpen_RGB.png\" alt=\"\" srcset=\"https:\/\/tasmaniagroep.nl\/wp-content\/uploads\/2021\/10\/welpen_RGB.png 472w, https:\/\/tasmaniagroep.nl\/wp-content\/uploads\/2021\/10\/welpen_RGB-300x300.png 300w, https:\/\/tasmaniagroep.nl\/wp-content\/uploads\/2021\/10\/welpen_RGB-150x150.png 150w\" sizes=\"auto, (max-width: 150px) 100vw, 150px\" \/><\/a>   <a href=\"https:\/\/tasmaniagroep.nl\/?page_id=1501\"><img loading=\"lazy\" decoding=\"async\" width=\"150\" height=\"150\" class=\"wp-image-1623\" style=\"width: 150px;\" src=\"https:\/\/tasmaniagroep.nl\/wp-content\/uploads\/2021\/10\/scouts_RGB.png\" alt=\"\" srcset=\"https:\/\/tasmaniagroep.nl\/wp-content\/uploads\/2021\/10\/scouts_RGB.png 204w, https:\/\/tasmaniagroep.nl\/wp-content\/uploads\/2021\/10\/scouts_RGB-150x150.png 150w\" sizes=\"auto, (max-width: 150px) 100vw, 150px\" \/><\/a> <a href=\"https:\/\/tasmaniagroep.nl\/?page_id=1503\"><img loading=\"lazy\" decoding=\"async\" width=\"150\" height=\"150\" class=\"wp-image-1622\" style=\"width: 150px;\" src=\"https:\/\/tasmaniagroep.nl\/wp-content\/uploads\/2021\/10\/explorers_RGB.png\" alt=\"\" srcset=\"https:\/\/tasmaniagroep.nl\/wp-content\/uploads\/2021\/10\/explorers_RGB.png 204w, https:\/\/tasmaniagroep.nl\/wp-content\/uploads\/2021\/10\/explorers_RGB-150x150.png 150w\" sizes=\"auto, (max-width: 150px) 100vw, 150px\" \/><\/a> <br><\/p>\n<\/div>\n\n<div class=\"gb-standard container no-padding\">\n<p>&nbsp;<\/p>\n<\/div>\n\n<div class=\"gb-standard container no-padding\">\n<p><strong>Adres<\/strong><strong>:<\/strong>&nbsp;Visserijweg 15a, 3231 NE Brielle&nbsp;<\/p>\n<\/div>\n\n<div class=\"gb-standard container no-padding\">\n<p><em><a href=\"https:\/\/www.google.nl\/maps\/place\/Zeeverkennerscentrum+Brielse+Meer+'De+Visserij'\/@51.8885359,4.224806,13.75z\/data=!4m5!3m4!1s0x47c44c4e10f54759:0xd9cb54bec8743d60!8m2!3d51.89208!4d4.2219598\">Klik hier voor de routebeschrijving&nbsp;(link naar google maps)<\/a><\/em>&nbsp;<\/p>\n<\/div>\n\n<div class=\"gb-standard container no-padding\">\n<p><strong>Postadres<\/strong><strong>:&nbsp;<\/strong>&nbsp;<\/p>\n<\/div>\n\n<div class=\"gb-standard container no-padding\">\n<p><strong>E-mail:<\/strong>&nbsp;<\/p>\n<\/div>\n\n<div class=\"gb-standard container no-padding\">\n<p>Algemeen: info<a href=\"mailto:leiding@tasmaniagroep.nl\" target=\"_blank\" rel=\"noreferrer noopener\">@tasmaniagroep.nl<\/a>&nbsp;&nbsp;<\/p>\n<\/div>\n\n<div class=\"gb-standard container no-padding\">\n<p>Dolfijnen:&nbsp;<a href=\"mailto:dolfijnentasmania@gmail.com\" target=\"_blank\" rel=\"noreferrer noopener\">dolfijnentasmania@gmail.com<\/a>&nbsp;<\/p>\n<\/div>\n\n<div class=\"gb-standard container no-padding\">\n<p>Zeeverkenners:&nbsp;<a href=\"mailto:verkennersleiding@tasmaniagroep.nl\" target=\"_blank\" rel=\"noreferrer noopener\">verkennersleiding@tasmaniagroep.nl<\/a>&nbsp;&nbsp;<\/p>\n<\/div>\n\n<div class=\"gb-standard container no-padding\">\n<p>Bestuur:&nbsp;<a href=\"mailto:bestuur.vereniging@tasmaniagroep.nl\" target=\"_blank\" rel=\"noreferrer noopener\">bestuur.vereniging@tasmaniagroep.nl<\/a>&nbsp;&nbsp;<\/p>\n<\/div>\n\n<div class=\"gb-standard container no-padding\">\n<p>Stichting:\u00a0<a href=\"mailto:bestuur.stichting@tasmaniagroep.nl\" target=\"_blank\" rel=\"noreferrer noopener\">bestuur.stichting@tasmaniagroep.nl<\/a>\u00a0\u00a0<\/p>\n<\/div>\n\n<div class=\"gb-standard container no-padding\">\n<p>Vrienden: <a href=\"mailto:vrienden@tasmaniagroep.nl\">vrienden@tasmaniagroep.nl<\/a><\/p>\n<\/div>","protected":false},"excerpt":{"rendered":"<p>Tasmaniagroep Nissewaard&nbsp;<\/p>\n<p>Houd je van avontuurlijke activiteiten op en rond het water? Dan moet je bij de Tasmaniagroep zijn, de waterscouting groep van Nissewaard!&nbsp;Alle activiteiten, van een zomerkamp met ons wachtschip, de Rambonnet, tot een&nbsp;hike&nbsp;&#8217;s winters in de bossen, bij de  &#8230; <\/p>\n","protected":false},"author":1,"featured_media":0,"parent":0,"menu_order":0,"comment_status":"closed","ping_status":"closed","template":"","meta":{"footnotes":""},"class_list":["post-1485","page","type-page","status-publish","hentry"],"yoast_head":"<!-- This site is optimized with the Yoast SEO plugin v27.3 - https:\/\/yoast.com\/product\/yoast-seo-wordpress\/ -->\n<title>Algemeen - Tasmaniagroep 24<\/title>\n<meta name=\"robots\" content=\"index, follow, max-snippet:-1, max-image-preview:large, max-video-preview:-1\" \/>\n<link rel=\"canonical\" href=\"https:\/\/tasmaniagroep.nl\/?page_id=1485\" \/>\n<meta property=\"og:locale\" content=\"nl_NL\" \/>\n<meta property=\"og:type\" content=\"article\" \/>\n<meta property=\"og:title\" content=\"Algemeen - Tasmaniagroep 24\" \/>\n<meta property=\"og:description\" content=\"Tasmaniagroep Nissewaard&nbsp;  Houd je van avontuurlijke activiteiten op en rond het water? Dan moet je bij de Tasmaniagroep zijn, de waterscouting groep van Nissewaard!&nbsp;Alle activiteiten, van een zomerkamp met ons wachtschip, de Rambonnet, tot een&nbsp;hike&nbsp;&#8217;s winters in de bossen, bij de ...\" \/>\n<meta property=\"og:url\" content=\"https:\/\/tasmaniagroep.nl\/?page_id=1485\" \/>\n<meta property=\"og:site_name\" content=\"Tasmaniagroep 24\" \/>\n<meta property=\"article:modified_time\" content=\"2025-04-06T16:18:43+00:00\" \/>\n<meta property=\"og:image\" content=\"https:\/\/tasmaniagroep.nl\/wp-content\/uploads\/2021\/10\/welpen_RGB.png\" \/>\n\t<meta property=\"og:image:width\" content=\"472\" \/>\n\t<meta property=\"og:image:height\" content=\"472\" \/>\n\t<meta property=\"og:image:type\" content=\"image\/png\" \/>\n<meta name=\"twitter:card\" content=\"summary_large_image\" \/>\n<meta name=\"twitter:label1\" content=\"Geschatte leestijd\" \/>\n\t<meta name=\"twitter:data1\" content=\"2 minuten\" \/>\n<script type=\"application\/ld+json\" class=\"yoast-schema-graph\">{\"@context\":\"https:\\\/\\\/schema.org\",\"@graph\":[{\"@type\":\"WebPage\",\"@id\":\"https:\\\/\\\/tasmaniagroep.nl\\\/?page_id=1485\",\"url\":\"https:\\\/\\\/tasmaniagroep.nl\\\/?page_id=1485\",\"name\":\"Algemeen - Tasmaniagroep 24\",\"isPartOf\":{\"@id\":\"https:\\\/\\\/tasmaniagroep.nl\\\/#website\"},\"primaryImageOfPage\":{\"@id\":\"https:\\\/\\\/tasmaniagroep.nl\\\/?page_id=1485#primaryimage\"},\"image\":{\"@id\":\"https:\\\/\\\/tasmaniagroep.nl\\\/?page_id=1485#primaryimage\"},\"thumbnailUrl\":\"https:\\\/\\\/tasmaniagroep.nl\\\/wp-content\\\/uploads\\\/2021\\\/10\\\/welpen_RGB.png\",\"datePublished\":\"2017-05-26T11:16:51+00:00\",\"dateModified\":\"2025-04-06T16:18:43+00:00\",\"breadcrumb\":{\"@id\":\"https:\\\/\\\/tasmaniagroep.nl\\\/?page_id=1485#breadcrumb\"},\"inLanguage\":\"nl-NL\",\"potentialAction\":[{\"@type\":\"ReadAction\",\"target\":[\"https:\\\/\\\/tasmaniagroep.nl\\\/?page_id=1485\"]}]},{\"@type\":\"ImageObject\",\"inLanguage\":\"nl-NL\",\"@id\":\"https:\\\/\\\/tasmaniagroep.nl\\\/?page_id=1485#primaryimage\",\"url\":\"https:\\\/\\\/tasmaniagroep.nl\\\/wp-content\\\/uploads\\\/2021\\\/10\\\/welpen_RGB.png\",\"contentUrl\":\"https:\\\/\\\/tasmaniagroep.nl\\\/wp-content\\\/uploads\\\/2021\\\/10\\\/welpen_RGB.png\",\"width\":472,\"height\":472},{\"@type\":\"BreadcrumbList\",\"@id\":\"https:\\\/\\\/tasmaniagroep.nl\\\/?page_id=1485#breadcrumb\",\"itemListElement\":[{\"@type\":\"ListItem\",\"position\":1,\"name\":\"Home\",\"item\":\"https:\\\/\\\/tasmaniagroep.nl\\\/\"},{\"@type\":\"ListItem\",\"position\":2,\"name\":\"Algemeen\"}]},{\"@type\":\"WebSite\",\"@id\":\"https:\\\/\\\/tasmaniagroep.nl\\\/#website\",\"url\":\"https:\\\/\\\/tasmaniagroep.nl\\\/\",\"name\":\"Tasmaniagroep 24\",\"description\":\"Ontdek Scouting Tasmania!\",\"publisher\":{\"@id\":\"https:\\\/\\\/tasmaniagroep.nl\\\/#organization\"},\"potentialAction\":[{\"@type\":\"SearchAction\",\"target\":{\"@type\":\"EntryPoint\",\"urlTemplate\":\"https:\\\/\\\/tasmaniagroep.nl\\\/?s={search_term_string}\"},\"query-input\":{\"@type\":\"PropertyValueSpecification\",\"valueRequired\":true,\"valueName\":\"search_term_string\"}}],\"inLanguage\":\"nl-NL\"},{\"@type\":\"Organization\",\"@id\":\"https:\\\/\\\/tasmaniagroep.nl\\\/#organization\",\"name\":\"Tasmaniagroep 24\",\"url\":\"https:\\\/\\\/tasmaniagroep.nl\\\/\",\"logo\":{\"@type\":\"ImageObject\",\"inLanguage\":\"nl-NL\",\"@id\":\"https:\\\/\\\/tasmaniagroep.nl\\\/#\\\/schema\\\/logo\\\/image\\\/\",\"url\":\"https:\\\/\\\/tasmaniagroep.nl\\\/wp-content\\\/uploads\\\/2021\\\/10\\\/Logotasmaniagroep.png\",\"contentUrl\":\"https:\\\/\\\/tasmaniagroep.nl\\\/wp-content\\\/uploads\\\/2021\\\/10\\\/Logotasmaniagroep.png\",\"width\":102,\"height\":99,\"caption\":\"Tasmaniagroep 24\"},\"image\":{\"@id\":\"https:\\\/\\\/tasmaniagroep.nl\\\/#\\\/schema\\\/logo\\\/image\\\/\"}}]}<\/script>\n<!-- \/ Yoast SEO plugin. -->","yoast_head_json":{"title":"Algemeen - Tasmaniagroep 24","robots":{"index":"index","follow":"follow","max-snippet":"max-snippet:-1","max-image-preview":"max-image-preview:large","max-video-preview":"max-video-preview:-1"},"canonical":"https:\/\/tasmaniagroep.nl\/?page_id=1485","og_locale":"nl_NL","og_type":"article","og_title":"Algemeen - Tasmaniagroep 24","og_description":"Tasmaniagroep Nissewaard&nbsp;  Houd je van avontuurlijke activiteiten op en rond het water? Dan moet je bij de Tasmaniagroep zijn, de waterscouting groep van Nissewaard!&nbsp;Alle activiteiten, van een zomerkamp met ons wachtschip, de Rambonnet, tot een&nbsp;hike&nbsp;&#8217;s winters in de bossen, bij de ...","og_url":"https:\/\/tasmaniagroep.nl\/?page_id=1485","og_site_name":"Tasmaniagroep 24","article_modified_time":"2025-04-06T16:18:43+00:00","og_image":[{"width":472,"height":472,"url":"https:\/\/tasmaniagroep.nl\/wp-content\/uploads\/2021\/10\/welpen_RGB.png","type":"image\/png"}],"twitter_card":"summary_large_image","twitter_misc":{"Geschatte leestijd":"2 minuten"},"schema":{"@context":"https:\/\/schema.org","@graph":[{"@type":"WebPage","@id":"https:\/\/tasmaniagroep.nl\/?page_id=1485","url":"https:\/\/tasmaniagroep.nl\/?page_id=1485","name":"Algemeen - Tasmaniagroep 24","isPartOf":{"@id":"https:\/\/tasmaniagroep.nl\/#website"},"primaryImageOfPage":{"@id":"https:\/\/tasmaniagroep.nl\/?page_id=1485#primaryimage"},"image":{"@id":"https:\/\/tasmaniagroep.nl\/?page_id=1485#primaryimage"},"thumbnailUrl":"https:\/\/tasmaniagroep.nl\/wp-content\/uploads\/2021\/10\/welpen_RGB.png","datePublished":"2017-05-26T11:16:51+00:00","dateModified":"2025-04-06T16:18:43+00:00","breadcrumb":{"@id":"https:\/\/tasmaniagroep.nl\/?page_id=1485#breadcrumb"},"inLanguage":"nl-NL","potentialAction":[{"@type":"ReadAction","target":["https:\/\/tasmaniagroep.nl\/?page_id=1485"]}]},{"@type":"ImageObject","inLanguage":"nl-NL","@id":"https:\/\/tasmaniagroep.nl\/?page_id=1485#primaryimage","url":"https:\/\/tasmaniagroep.nl\/wp-content\/uploads\/2021\/10\/welpen_RGB.png","contentUrl":"https:\/\/tasmaniagroep.nl\/wp-content\/uploads\/2021\/10\/welpen_RGB.png","width":472,"height":472},{"@type":"BreadcrumbList","@id":"https:\/\/tasmaniagroep.nl\/?page_id=1485#breadcrumb","itemListElement":[{"@type":"ListItem","position":1,"name":"Home","item":"https:\/\/tasmaniagroep.nl\/"},{"@type":"ListItem","position":2,"name":"Algemeen"}]},{"@type":"WebSite","@id":"https:\/\/tasmaniagroep.nl\/#website","url":"https:\/\/tasmaniagroep.nl\/","name":"Tasmaniagroep 24","description":"Ontdek Scouting Tasmania!","publisher":{"@id":"https:\/\/tasmaniagroep.nl\/#organization"},"potentialAction":[{"@type":"SearchAction","target":{"@type":"EntryPoint","urlTemplate":"https:\/\/tasmaniagroep.nl\/?s={search_term_string}"},"query-input":{"@type":"PropertyValueSpecification","valueRequired":true,"valueName":"search_term_string"}}],"inLanguage":"nl-NL"},{"@type":"Organization","@id":"https:\/\/tasmaniagroep.nl\/#organization","name":"Tasmaniagroep 24","url":"https:\/\/tasmaniagroep.nl\/","logo":{"@type":"ImageObject","inLanguage":"nl-NL","@id":"https:\/\/tasmaniagroep.nl\/#\/schema\/logo\/image\/","url":"https:\/\/tasmaniagroep.nl\/wp-content\/uploads\/2021\/10\/Logotasmaniagroep.png","contentUrl":"https:\/\/tasmaniagroep.nl\/wp-content\/uploads\/2021\/10\/Logotasmaniagroep.png","width":102,"height":99,"caption":"Tasmaniagroep 24"},"image":{"@id":"https:\/\/tasmaniagroep.nl\/#\/schema\/logo\/image\/"}}]}},"_links":{"self":[{"href":"https:\/\/tasmaniagroep.nl\/index.php?rest_route=\/wp\/v2\/pages\/1485","targetHints":{"allow":["GET"]}}],"collection":[{"href":"https:\/\/tasmaniagroep.nl\/index.php?rest_route=\/wp\/v2\/pages"}],"about":[{"href":"https:\/\/tasmaniagroep.nl\/index.php?rest_route=\/wp\/v2\/types\/page"}],"author":[{"embeddable":true,"href":"https:\/\/tasmaniagroep.nl\/index.php?rest_route=\/wp\/v2\/users\/1"}],"replies":[{"embeddable":true,"href":"https:\/\/tasmaniagroep.nl\/index.php?rest_route=%2Fwp%2Fv2%2Fcomments&post=1485"}],"version-history":[{"count":15,"href":"https:\/\/tasmaniagroep.nl\/index.php?rest_route=\/wp\/v2\/pages\/1485\/revisions"}],"predecessor-version":[{"id":1862,"href":"https:\/\/tasmaniagroep.nl\/index.php?rest_route=\/wp\/v2\/pages\/1485\/revisions\/1862"}],"wp:attachment":[{"href":"https:\/\/tasmaniagroep.nl\/index.php?rest_route=%2Fwp%2Fv2%2Fmedia&parent=1485"}],"curies":[{"name":"wp","href":"https:\/\/api.w.org\/{rel}","templated":true}]}}